{"id":101,"date":"2016-01-29T10:05:18","date_gmt":"2016-01-29T10:05:18","guid":{"rendered":"http:\/\/www.professionistidelsuono.net\/blog_audio\/?page_id=101"},"modified":"2016-02-02T14:53:53","modified_gmt":"2016-02-02T14:53:53","slug":"palcoscenico-sonoro","status":"publish","type":"page","link":"https:\/\/www.professionistidelsuono.net\/blog_audio\/acustica\/palcoscenico-sonoro\/","title":{"rendered":"Palcoscenico sonoro"},"content":{"rendered":"<p>L&#8217;obiettivo primario, di creare un impianto ad alta fedelt\u00e0, sia in auto che in casa, \u00e8 quello di riprodurre esattamente la scena sonora, cosi come \u00e8 stata eseguita dal vivo nel caso di un concerto. Riprodurre esattamente la scena sonora significa, riuscire ad individuare esattamente il suono da dove proviene, proprio come se stessimo rivivendo il concerto<\/p>\n<p><a href=\"https:\/\/i0.wp.com\/www.professionistidelsuono.net\/blog_audio\/wp-content\/uploads\/2016\/01\/palcoscenico_sonoro.jpg?ssl=1\" rel=\"attachment wp-att-276\"><img data-recalc-dims=\"1\" loading=\"lazy\" decoding=\"async\" class=\"aligncenter size-medium wp-image-276\" src=\"https:\/\/i0.wp.com\/www.professionistidelsuono.net\/blog_audio\/wp-content\/uploads\/2016\/01\/palcoscenico_sonoro.jpg?resize=300%2C106&#038;ssl=1\" alt=\"palcoscenico_sonoro\" width=\"300\" height=\"106\" srcset=\"https:\/\/i0.wp.com\/www.professionistidelsuono.net\/blog_audio\/wp-content\/uploads\/2016\/01\/palcoscenico_sonoro.jpg?resize=300%2C106&amp;ssl=1 300w, https:\/\/i0.wp.com\/www.professionistidelsuono.net\/blog_audio\/wp-content\/uploads\/2016\/01\/palcoscenico_sonoro.jpg?w=480&amp;ssl=1 480w\" sizes=\"auto, (max-width: 300px) 100vw, 300px\" \/><\/a><\/p>\n<p>Quindi, dando un&#8217;occhiata alla mappa sottostante, quando ascolteremo il nostro impianto, a sinistra sentiremo i primi ed i secondi violini e l&#8217;arpa, mentre centralmente la viola il flauto e cosi via. A questo punto mi viene spontaneo dire, perch\u00e9 montare anche il fronte posteriore? In un impianto che si rispetti, il suono deve provenire solo ed esclusivamente dal lato anteriore della nostra auto\/impianto-casa. Ascoltare musica con il nostro home theatre attivando il dolby, \u00e8 a mio parere scorretto. E&#8217; vero che si ha un effetto avvolgente, per\u00f2 non sar\u00e0 mai fedele alla vera riproduzione.<\/p>\n<p><a href=\"https:\/\/i0.wp.com\/www.professionistidelsuono.net\/blog_audio\/wp-content\/uploads\/2016\/01\/palcoscenico.gif?ssl=1\" rel=\"attachment wp-att-277\"><img data-recalc-dims=\"1\" loading=\"lazy\" decoding=\"async\" class=\"aligncenter size-medium wp-image-277\" src=\"https:\/\/i0.wp.com\/www.professionistidelsuono.net\/blog_audio\/wp-content\/uploads\/2016\/01\/palcoscenico.gif?resize=300%2C200&#038;ssl=1\" alt=\"palcoscenico\" width=\"300\" height=\"200\" \/><\/a><\/p>\n<p>&nbsp;<\/p>\n","protected":false},"excerpt":{"rendered":"<p>L&#8217;obiettivo primario, di creare un impianto ad alta fedelt\u00e0, sia in auto che in casa, \u00e8 quello di riprodurre esattamente la scena sonora, cosi come \u00e8 stata eseguita dal vivo nel caso di un&#46;&#46;&#46;<\/p>\n","protected":false},"author":1,"featured_media":0,"parent":17,"menu_order":0,"comment_status":"closed","ping_status":"closed","template":"","meta":{"footnotes":""},"class_list":["post-101","page","type-page","status-publish","hentry"],"aioseo_notices":[],"jetpack-related-posts":[],"jetpack_sharing_enabled":true,"_links":{"self":[{"href":"https:\/\/www.professionistidelsuono.net\/blog_audio\/wp-json\/wp\/v2\/pages\/101","targetHints":{"allow":["GET"]}}],"collection":[{"href":"https:\/\/www.professionistidelsuono.net\/blog_audio\/wp-json\/wp\/v2\/pages"}],"about":[{"href":"https:\/\/www.professionistidelsuono.net\/blog_audio\/wp-json\/wp\/v2\/types\/page"}],"author":[{"embeddable":true,"href":"https:\/\/www.professionistidelsuono.net\/blog_audio\/wp-json\/wp\/v2\/users\/1"}],"replies":[{"embeddable":true,"href":"https:\/\/www.professionistidelsuono.net\/blog_audio\/wp-json\/wp\/v2\/comments?post=101"}],"version-history":[{"count":3,"href":"https:\/\/www.professionistidelsuono.net\/blog_audio\/wp-json\/wp\/v2\/pages\/101\/revisions"}],"predecessor-version":[{"id":279,"href":"https:\/\/www.professionistidelsuono.net\/blog_audio\/wp-json\/wp\/v2\/pages\/101\/revisions\/279"}],"up":[{"embeddable":true,"href":"https:\/\/www.professionistidelsuono.net\/blog_audio\/wp-json\/wp\/v2\/pages\/17"}],"wp:attachment":[{"href":"https:\/\/www.professionistidelsuono.net\/blog_audio\/wp-json\/wp\/v2\/media?parent=101"}],"curies":[{"name":"wp","href":"https:\/\/api.w.org\/{rel}","templated":true}]}}