{"id":103,"date":"2016-01-29T10:05:41","date_gmt":"2016-01-29T10:05:41","guid":{"rendered":"http:\/\/www.professionistidelsuono.net\/blog_audio\/?page_id=103"},"modified":"2016-01-29T16:31:39","modified_gmt":"2016-01-29T16:31:39","slug":"etichette","status":"publish","type":"page","link":"https:\/\/www.professionistidelsuono.net\/blog_audio\/acustica\/etichette\/","title":{"rendered":"Etichette"},"content":{"rendered":"<p>In questa pagina ho elencato gli studi di registrazioni pi\u00f9 autorevoli. Dal punto di vista di qualit\u00e0 delle incisioni e delle tecniche usate. Per ascoltare e valutare un impianto ad alta fedelt\u00e0, dando per scontato l&#8217;alta qualit\u00e0 dei componenti usati, bisogna essere in possesso di supporti in grado di esaltare le peculiarit\u00e0 di un sistema audio, i nomi citati sotto, sono una garanzia di tale qualit\u00e0.<\/p>\n<p><strong>Chesky<\/strong> <a href=\"http:\/\/www.chesky.com\/\" target=\"_blank\">http:\/\/www.chesky.com<\/a><\/p>\n<p><strong>Linn records<\/strong><\/p>\n<p><strong>Naim records<\/strong><\/p>\n<p><strong>OPUS 3 <\/strong><a href=\"http:\/\/www.dmlaudio.it\/\" target=\"_blank\">http:\/\/www.dmlaudio.it<\/a><br \/>\nGenere: Singer\/Songwriter, Blues, Folk &amp; WorldMusic, Classical, Jazz, CD Samplers<\/p>\n<p><strong>Red records<\/strong><a href=\"http:\/\/www.redrec.net\/\" target=\"_blank\"> http:\/\/www.redrec.net\/<\/a><br \/>\nGenere: Jazz, Mainstream &amp; Latin Jazz, Contemporary Jazz<\/p>\n<p><strong>Reference recording<\/strong><\/p>\n<p><strong>Ruff records<\/strong><\/p>\n<p><strong>Sheffield Lab<\/strong><\/p>\n<p><strong>Telarc<\/strong> <a href=\"http:\/\/www.telarc.com\/\" target=\"_blank\">http:\/\/www.telarc.com<\/a><br \/>\nGeneri: POP\/ROCK, JAZZ, BLUES, CROSSOVER, CLASSICAL.<\/p>\n<p><strong>Winter &amp; Winter<\/strong><\/p>\n","protected":false},"excerpt":{"rendered":"<p>In questa pagina ho elencato gli studi di registrazioni pi\u00f9 autorevoli. Dal punto di vista di qualit\u00e0 delle incisioni e delle tecniche usate. Per ascoltare e valutare un impianto ad alta fedelt\u00e0, dando per&#46;&#46;&#46;<\/p>\n","protected":false},"author":1,"featured_media":0,"parent":17,"menu_order":0,"comment_status":"closed","ping_status":"closed","template":"","meta":{"footnotes":""},"class_list":["post-103","page","type-page","status-publish","hentry"],"aioseo_notices":[],"jetpack-related-posts":[],"jetpack_sharing_enabled":true,"_links":{"self":[{"href":"https:\/\/www.professionistidelsuono.net\/blog_audio\/wp-json\/wp\/v2\/pages\/103","targetHints":{"allow":["GET"]}}],"collection":[{"href":"https:\/\/www.professionistidelsuono.net\/blog_audio\/wp-json\/wp\/v2\/pages"}],"about":[{"href":"https:\/\/www.professionistidelsuono.net\/blog_audio\/wp-json\/wp\/v2\/types\/page"}],"author":[{"embeddable":true,"href":"https:\/\/www.professionistidelsuono.net\/blog_audio\/wp-json\/wp\/v2\/users\/1"}],"replies":[{"embeddable":true,"href":"https:\/\/www.professionistidelsuono.net\/blog_audio\/wp-json\/wp\/v2\/comments?post=103"}],"version-history":[{"count":2,"href":"https:\/\/www.professionistidelsuono.net\/blog_audio\/wp-json\/wp\/v2\/pages\/103\/revisions"}],"predecessor-version":[{"id":198,"href":"https:\/\/www.professionistidelsuono.net\/blog_audio\/wp-json\/wp\/v2\/pages\/103\/revisions\/198"}],"up":[{"embeddable":true,"href":"https:\/\/www.professionistidelsuono.net\/blog_audio\/wp-json\/wp\/v2\/pages\/17"}],"wp:attachment":[{"href":"https:\/\/www.professionistidelsuono.net\/blog_audio\/wp-json\/wp\/v2\/media?parent=103"}],"curies":[{"name":"wp","href":"https:\/\/api.w.org\/{rel}","templated":true}]}}