{"id":118,"date":"2016-01-29T10:12:22","date_gmt":"2016-01-29T10:12:22","guid":{"rendered":"http:\/\/www.professionistidelsuono.net\/blog_audio\/?page_id=118"},"modified":"2016-02-05T22:06:37","modified_gmt":"2016-02-05T22:06:37","slug":"altoparlanti","status":"publish","type":"page","link":"https:\/\/www.professionistidelsuono.net\/blog_audio\/pagina-di-esempio\/altoparlanti\/","title":{"rendered":"Altoparlanti"},"content":{"rendered":"<p>L\u2019altoparlante \u00e8 un dispositivo elettromeccanico che ha la funzione di convertire un segnale elettrico che proviene da una fonte di amplificazione, in onde di pressione. Abbiamo vari tipologie di altoparlanti (ortodinamici e isodinamici). Noi parleremo solo dei diffusori ortodinamici che si dividono in due gruppi a seconda della tipologia del diaframma, i diffusori a cono sono usati per riprodurre frequenze basse e medio-basse (tipicamente subwoofer, woofer, mid-woofer) mentre i diffusori a cupola sono usati per gli altoparlanti incaricati di riprodurre frequenze medio-alte (di solito midrange e tweeter). L\u2019altoparlante \u00e8 formato materialmente dalla campana che sarebbe la struttura del componente, sorreggendo il cono tramite una sospensione ( generalmente in foam, gomma, o tela corrugata). Il solo movimento che un altoparlante pu\u00f2 fare \u00e8 quello assiale. Sotto il cono si trova la bobina mobile immersa nel magnete permanente e tra i due c\u2019\u00e8 uno spazio chiamato gioco o traferro. Il ragno serve a centrare il cono, mentre il tappo protegge le bobine da polvere. Se applichiamo un flusso di corrente al diffusore esso attraverser\u00e0 la bobina mobile facendo creare un campo magnetico, che interagendo con il magnete permanente, si genera il movimento del cono. Il movimento del cono \u00e8 determinato dall\u2019intensit\u00e0 della corrente e del suo verso. Se applichiamo un trasduttore ad una fonte audio quest\u2019ultimo non potr\u00e0 mai riprodurre tutto lo spettro audio (20Hz-20Khz). Perch\u00e9 per riprodurre frequenze alte si dovr\u00e0 muovere poca aria ma con elevati valori di accelerazione lineare e quindi abbiamo bisogno di un diffusore piccolo e leggero. Mentre per le frequenze basse \u00e8 necessario muovere volumi d\u2019aria sempre maggiori man mano che si scende con la frequenza e perci\u00f2 avremmo bisogno di un diffusore grande pesante e con una grande capacit\u00e0 di escursione. Quindi la soluzione da prendere per riprodurre correttamente lo spettro audio \u00e8 quello di dividerlo in almeno due parti avendo cosi due bande di frequenza.<\/p>\n<p style=\"text-align: center;\"><a href=\"https:\/\/i0.wp.com\/www.professionistidelsuono.net\/blog_audio\/wp-content\/uploads\/2016\/01\/altoparlante2.jpg?ssl=1\" rel=\"attachment wp-att-212\"><img data-recalc-dims=\"1\" loading=\"lazy\" decoding=\"async\" class=\"size-full wp-image-212 aligncenter\" src=\"https:\/\/i0.wp.com\/www.professionistidelsuono.net\/blog_audio\/wp-content\/uploads\/2016\/01\/altoparlante2.jpg?resize=196%2C133&#038;ssl=1\" alt=\"altoparlante2\" width=\"196\" height=\"133\" \/><\/a><br \/>\n1 Magnete permanente\u00a02 Connettori\u00a03 Sospensione<br \/>\n4 Condotto per raffreddamento\u00a05 Bobina mobile<br \/>\n6 Ragno\u00a07 Cono\u00a08 Tappo\u00a09 Cestello<\/p>\n<blockquote><p>Curiosita&#8217;<br \/>\nIl trasduttore: termine con cui si indica genericamente qualsiasi dispositivo che consente la conversione di una grandezza fisica, es. meccanica -&gt;elettrica. Un tipico esempio di trasduttore \u00e8 il microfono che converte l&#8217;energia acustica in energia elettrica. La funzione opposta viene eseguita dall&#8217; Altoparlante<\/p>\n<p>Approfondimento<br \/>\nPotenza: d\u00e0 origine alla produzione (o dissipazione) di energia di 1 Joule(J) in 1 s. Lapotenza viene espressa in watt (w) quindi 1W=1J\/s .<br \/>\nResistenza elettrica \u00e8 presente tra due punti di un conduttoreai quali \u00e8 applicata la differenza di 1Volt, quando il conduttore \u00e8 percorso dalla corrente di 1Ampere, e non \u00e8 sede di alcuna forza elettromotrice . Viene espressa in ohm(omega) . 1ohm=1V\/A<\/p><\/blockquote>\n<p>Scopriamo tutte <a href=\"https:\/\/www.professionistidelsuono.net\/blog_audio\/?p=302\">le tipologie di altoparlanti!<\/a><\/p>\n<p>&nbsp;<\/p>\n<p>Parametri: [unit\u00e0 di misura]<\/p>\n<p><strong>Fs<\/strong>: Frequenza di risonanza in Free air (aria libera) [Hz]<br \/>\n<strong>Fc<\/strong>: Frequenza di risonanza dell\u2019insieme sub+box [Hz]<br \/>\n<strong>Fb<\/strong>: Frequenza di risonanza del sub in una cassa reflex [Hz]<br \/>\n<strong>F3<\/strong>: Frequenza di taglio dove corrisponde un\u2019attenuazione di \u20133dB dell\u2019ampiezza del segnale [Hz]<br \/>\n<strong>Vas<\/strong>: Volume equivalente di cedevolezza<br \/>\n<strong>D<\/strong>: Diametro effettivo del cono [m]<br \/>\n<strong>Sd<\/strong>: Superficie radiante effettiva dell\u2019altoparlante [m\u00b2]<br \/>\n<strong>Xmax<\/strong>: Escursione lineare massima del cono [m]<br \/>\n<strong>Vd<\/strong>: Volume max di spostamento lineare in grado di riprodurre un altoparlante [m\u00b3]<br \/>\n<strong>Re<\/strong>: Resistenza della bobina mobile, effettuata in corrente continua [?]<br \/>\n<strong>Q<\/strong>: Indica un fattore generico di merito [adimensionale]<br \/>\n<strong>Qms<\/strong>: Fattore di merito meccanico dell\u2019altoparlante in corrispondenza della frequenza di risonanza [adimensionale]<br \/>\n<strong>Qes<\/strong>: Fattore di merito elettrico dell\u2019altoparlante in corrispondenza della frequenza di risonanza [adimensionale]<br \/>\n<strong>Qts<\/strong>: Fattore di merito totale dell\u2019altoparlante in corrispondenza della frequenza di risonanza [adimensionale]<br \/>\n<strong>Rms<\/strong>: Perdite meccaniche dell\u2019altoparlante [Kg\/s]<br \/>\n<strong>Cms<\/strong>: cedevolezza meccanica dell\u2019altoparlante [m\/N]<br \/>\n<strong>B<\/strong>: Intensit\u00e0 del flusso magnetico nel traferro [T]<br \/>\n<strong>L<\/strong>: Lunghezza del conduttore della bobina mobile all\u2019interno del campo magnetico<br \/>\n<strong>Pa<\/strong>: Potenza acustica<br \/>\n<strong>Pe<\/strong>: Potenza elettrica<br \/>\n<strong>C<\/strong>: Velocit\u00e0 di propagazione del suono in condizioni standard [m\/s]<\/p>\n","protected":false},"excerpt":{"rendered":"<p>L\u2019altoparlante \u00e8 un dispositivo elettromeccanico che ha la funzione di convertire un segnale elettrico che proviene da una fonte di amplificazione, in onde di pressione. Abbiamo vari tipologie di altoparlanti (ortodinamici e isodinamici). Noi&#46;&#46;&#46;<\/p>\n","protected":false},"author":1,"featured_media":0,"parent":2,"menu_order":0,"comment_status":"closed","ping_status":"closed","template":"","meta":{"footnotes":""},"class_list":["post-118","page","type-page","status-publish","hentry"],"aioseo_notices":[],"jetpack-related-posts":[],"jetpack_sharing_enabled":true,"_links":{"self":[{"href":"https:\/\/www.professionistidelsuono.net\/blog_audio\/wp-json\/wp\/v2\/pages\/118","targetHints":{"allow":["GET"]}}],"collection":[{"href":"https:\/\/www.professionistidelsuono.net\/blog_audio\/wp-json\/wp\/v2\/pages"}],"about":[{"href":"https:\/\/www.professionistidelsuono.net\/blog_audio\/wp-json\/wp\/v2\/types\/page"}],"author":[{"embeddable":true,"href":"https:\/\/www.professionistidelsuono.net\/blog_audio\/wp-json\/wp\/v2\/users\/1"}],"replies":[{"embeddable":true,"href":"https:\/\/www.professionistidelsuono.net\/blog_audio\/wp-json\/wp\/v2\/comments?post=118"}],"version-history":[{"count":10,"href":"https:\/\/www.professionistidelsuono.net\/blog_audio\/wp-json\/wp\/v2\/pages\/118\/revisions"}],"predecessor-version":[{"id":315,"href":"https:\/\/www.professionistidelsuono.net\/blog_audio\/wp-json\/wp\/v2\/pages\/118\/revisions\/315"}],"up":[{"embeddable":true,"href":"https:\/\/www.professionistidelsuono.net\/blog_audio\/wp-json\/wp\/v2\/pages\/2"}],"wp:attachment":[{"href":"https:\/\/www.professionistidelsuono.net\/blog_audio\/wp-json\/wp\/v2\/media?parent=118"}],"curies":[{"name":"wp","href":"https:\/\/api.w.org\/{rel}","templated":true}]}}