{"id":134,"date":"2016-01-29T11:19:49","date_gmt":"2016-01-29T11:19:49","guid":{"rendered":"http:\/\/www.professionistidelsuono.net\/blog_audio\/?page_id=134"},"modified":"2016-02-06T14:36:57","modified_gmt":"2016-02-06T14:36:57","slug":"spl","status":"publish","type":"page","link":"https:\/\/www.professionistidelsuono.net\/blog_audio\/pagina-di-esempio\/spl\/","title":{"rendered":"SPL"},"content":{"rendered":"<p>Nelle specifiche tecniche di un amplificatore generico potremmo leggere ad esempio: 500 W su 8 ohm ; 1000 W su 4 ohm ; 2000 W su 2 ohm. Questo ci fa dedurre che un amplificatore non \u00e8 un generatore di potenza costante, ma piuttosto di tensione costante, che in funzione di un carico variabile produce una potenza variabile ( P = V^2 \/ R ). Questa considerazione sulla legge di Ohm ci \u00e8 particolarmente utile quando vogliamo conoscere il livello di pressione o SPL (sound pressure level) di un sistema a pi\u00f9 diffusori. E&#8217; prassi comune ritenere che quando serve pi\u00f9 pressione bisogna aumentare, oltre alla potenza, il numero dei diffusori. Ci\u00f2 in parte \u00e8 vero, ma l&#8217;aumento di pressione \u00e8 condizionato dalla tipologia del collegamento tra i diffusori stessi (serie o parallelo). Proviamo a fare un esempio : supponiamo di avere un diffusore con impedenza 8 ohm il quale, alimentato con un segnale di tensione 2,83 V (2,83V^2 \/ 8 = 1 W ) produce, posizionando un microfono a 1 metro di distanza, un livello di pressione di 100 dB. Se colleghiamo in serie al primo, un altro diffusore sempre da 8 ohm, otterremo una impedenza di 16 ohm. Applicando ancora la legge di Ohm risulter\u00e0 2,83^2 \/ 16 = 0,5 W, avremo quindi dimezzato la potenza, per cui, se teniamo conto del fatto che ad ogni raddoppio o dimezzamento della potenza la sensibilit\u00e0 aumenta o diminuisce rispettivamente di 3 dB, il nostro sistema in serie produrr\u00e0 una pressione di 97 dB. A questa diminuzione va per\u00f2 sommataun altra importante grandezza, la superficie di emissione che, ad ogni suo raddoppio fa aumentare il livello SPL di 3 dB ( a prescindere dal collegamento serie o perallelo). Concludendo, nel caso di due diffusori collegati in serie avremo -3dB per il raddoppio della impedenza, + 3 dB per il raddoppio della superficie di emissione, ovvero la sensibilit\u00e0 del gruppo serie rester\u00e0 la stessa di un singolo diffusore. Proviamo ora a collegare i due diffusori di cui sopra in parallelo, l&#8217;impedenza diventer\u00e0 8 \/ 2 = 4 ohm e sempre per la legge di Ohm 2,83^2 \/ 4 = 2 W, cio\u00e8 abbiamo raddoppiato la potenza e per quanto detto sopra otteniamo + 3 dB. A questo sommiamo l&#8217;effetto del raddoppio della superficie di radiazione, altri + 3 dB ed arriviamo a + 6 dB. Il gruppo parallelo produrr\u00e0 quindi un livello SPL d 106 dB, cio\u00e8 + 6 dB rispetto al singolo diffusore. Nel caso di un collegamento serie\/parallelo ad esempiodi 4 diffusori, si applica quanto detto prima per le due tipologie, cio\u00e8 il livello resta lo stesso di un solo diffusore per i due in serie e aumenta di 6 dB per i due rami in parallelo. Da un gruppo serie\/parallelo formato da 4 diffusori otterremo quindi 106 dB (Tab.5).<a href=\"https:\/\/i0.wp.com\/www.professionistidelsuono.net\/blog_audio\/wp-content\/uploads\/2016\/01\/spl2.jpg?ssl=1\" rel=\"attachment wp-att-347\"><img data-recalc-dims=\"1\" loading=\"lazy\" decoding=\"async\" class=\"aligncenter size-medium wp-image-347\" src=\"https:\/\/i0.wp.com\/www.professionistidelsuono.net\/blog_audio\/wp-content\/uploads\/2016\/01\/spl2.jpg?resize=300%2C55&#038;ssl=1\" alt=\"spl2\" width=\"300\" height=\"55\" srcset=\"https:\/\/i0.wp.com\/www.professionistidelsuono.net\/blog_audio\/wp-content\/uploads\/2016\/01\/spl2.jpg?resize=300%2C55&amp;ssl=1 300w, https:\/\/i0.wp.com\/www.professionistidelsuono.net\/blog_audio\/wp-content\/uploads\/2016\/01\/spl2.jpg?w=441&amp;ssl=1 441w\" sizes=\"auto, (max-width: 300px) 100vw, 300px\" \/><\/a><\/p>\n<p>&nbsp;<\/p>\n<p align=\"left\"><strong>GARE SPL<\/strong><\/p>\n<p>La sigla S.P.L significa :sound pressure level tradotto in italiano sarebbe il livello di pressione sonoro ottenuto da uno o pi\u00f9 altoparlanti .<br \/>\nLe gare S.P.L consistono nell&#8217;ottenere la massima pressione acustica all&#8217;interno di un autoveicolo,utilizzando la sola pressione prodotta da altoparlanti magnetodinamici.<br \/>\nNon sono permessi sistemi generanti pressione sonora diversi da altoparlanti,quali:dispositivi esplodenti,aria compressa,generatori di segnali di qualsiasi forma d&#8217;onda.<br \/>\nQueste gare vengono di solito fatte da due associazioni :NGPCA o DB Drag.<br \/>\nCome funzionano queste gare nel NGPCA:<br \/>\ni concorrenti devono presentarsi con la propria auto alla chiamata,poi un giudice consegna un cd test indicando la traccia da utilizzare che \u00e8 per tutti la stessa. Viene posizionato un microfono (che rileva la pressione acustica)a ridosso del parabrezza anteriore,di fronte al sedile lato passeggero,con l&#8217;ausilio del supporto\/dima.<br \/>\nNon \u00e8 ammessa l&#8217;installazione di altoparlanti ad una distanza inferiore a 50 cm dalla capsula microfonica.<br \/>\nLa tensione presente ai morsetti di alimentazione degli amplificatori ad impianto spento non pu\u00f2 in nessun caso superare i 18 volt,il direttore di gara pu\u00f2 richiedere la verifica della tensione.<br \/>\nNel momento della gara tutte le aperture del veicolo (porte,vetri laterali,tettuccio,bagagliaio,ecc)devono essere chiuse altrimenti si viene squalificati. Il concorrente pu\u00f2 rimanere all&#8217;interno dell&#8217;auto purch\u00e9 indossi un&#8217;idonea cuffia di protezione che gli viene consegnato dal giudice.<br \/>\nQuando viene dato il via il concorrente fa partire la traccia al massimo del volume,la prova ha una durata di 30 secondi,conteggiati automaticamente dallo strumento ufficiale,\u00e8 da considerarsi unica e trascorso il tempo concesso non \u00e8 pi\u00f9 possibile ripeterla .Il valore di spl ottenuto sar\u00e0 visualizzato da tutti mediante un display al momento della gara.<br \/>\nNell&#8217; eventualit\u00e0 di un numero elevato di iscritti vi \u00e8 una suddivisione in tre sottocategorie in base alla superficie degli altoparlanti installati. Tali sottocategorie sono da 1 a 300 pollici quadri ,da 301 a 700 pollici quadri,oltre 701 pollici quadri.<br \/>\nQuesto tipo di gare viene di solito fatto nei raduni di macchine tuning e car audio,con la vincita di una coppa .Poi il nome dei vincitori di solito finisce in qualche rivista car audio con la foto e il livello di spl ottenuto.<a href=\"https:\/\/i0.wp.com\/www.professionistidelsuono.net\/blog_audio\/wp-content\/uploads\/2016\/01\/gare_spl.jpg?ssl=1\" rel=\"attachment wp-att-349\"><img data-recalc-dims=\"1\" loading=\"lazy\" decoding=\"async\" class=\"aligncenter size-medium wp-image-349\" src=\"https:\/\/i0.wp.com\/www.professionistidelsuono.net\/blog_audio\/wp-content\/uploads\/2016\/01\/gare_spl.jpg?resize=300%2C220&#038;ssl=1\" alt=\"gare_spl\" width=\"300\" height=\"220\" srcset=\"https:\/\/i0.wp.com\/www.professionistidelsuono.net\/blog_audio\/wp-content\/uploads\/2016\/01\/gare_spl.jpg?resize=300%2C220&amp;ssl=1 300w, https:\/\/i0.wp.com\/www.professionistidelsuono.net\/blog_audio\/wp-content\/uploads\/2016\/01\/gare_spl.jpg?w=477&amp;ssl=1 477w\" sizes=\"auto, (max-width: 300px) 100vw, 300px\" \/><\/a><\/p>\n","protected":false},"excerpt":{"rendered":"<p>Nelle specifiche tecniche di un amplificatore generico potremmo leggere ad esempio: 500 W su 8 ohm ; 1000 W su 4 ohm ; 2000 W su 2 ohm. Questo ci fa dedurre che un&#46;&#46;&#46;<\/p>\n","protected":false},"author":1,"featured_media":0,"parent":2,"menu_order":0,"comment_status":"closed","ping_status":"closed","template":"","meta":{"footnotes":""},"class_list":["post-134","page","type-page","status-publish","hentry"],"aioseo_notices":[],"jetpack-related-posts":[],"jetpack_sharing_enabled":true,"_links":{"self":[{"href":"https:\/\/www.professionistidelsuono.net\/blog_audio\/wp-json\/wp\/v2\/pages\/134","targetHints":{"allow":["GET"]}}],"collection":[{"href":"https:\/\/www.professionistidelsuono.net\/blog_audio\/wp-json\/wp\/v2\/pages"}],"about":[{"href":"https:\/\/www.professionistidelsuono.net\/blog_audio\/wp-json\/wp\/v2\/types\/page"}],"author":[{"embeddable":true,"href":"https:\/\/www.professionistidelsuono.net\/blog_audio\/wp-json\/wp\/v2\/users\/1"}],"replies":[{"embeddable":true,"href":"https:\/\/www.professionistidelsuono.net\/blog_audio\/wp-json\/wp\/v2\/comments?post=134"}],"version-history":[{"count":4,"href":"https:\/\/www.professionistidelsuono.net\/blog_audio\/wp-json\/wp\/v2\/pages\/134\/revisions"}],"predecessor-version":[{"id":350,"href":"https:\/\/www.professionistidelsuono.net\/blog_audio\/wp-json\/wp\/v2\/pages\/134\/revisions\/350"}],"up":[{"embeddable":true,"href":"https:\/\/www.professionistidelsuono.net\/blog_audio\/wp-json\/wp\/v2\/pages\/2"}],"wp:attachment":[{"href":"https:\/\/www.professionistidelsuono.net\/blog_audio\/wp-json\/wp\/v2\/media?parent=134"}],"curies":[{"name":"wp","href":"https:\/\/api.w.org\/{rel}","templated":true}]}}