{"id":156,"date":"2016-01-29T13:07:30","date_gmt":"2016-01-29T13:07:30","guid":{"rendered":"http:\/\/www.professionistidelsuono.net\/blog_audio\/?page_id=156"},"modified":"2016-01-30T16:24:00","modified_gmt":"2016-01-30T16:24:00","slug":"resistenza","status":"publish","type":"page","link":"https:\/\/www.professionistidelsuono.net\/blog_audio\/elettronica\/resistenza\/","title":{"rendered":"Resistenza"},"content":{"rendered":"<p>Grandezza fisica che indica l\u2019attitudine di un conduttore a trasformare energia elettrica in calore. Essa viene espressa con il rapporto R=V\/I in cui R \u00e8 la resistenza, V \u00e8 la tensionetra due punti di un conduttoree I la corrente che lo percorre (legge di Ohm). Se, a parit\u00e0 di materiale, si fanno variare la lunghezza (L) e la sezione (S) del conduttore , si constata che la resistenza del conduttore \u00e8 proporzionale al rapporto L\/S Risulta quindi R= p (L\/S) alla costante di proporzionalit\u00e0 p, che dipende dalla natura del materiale di cui \u00e8 fatto il conduttore, si d\u00e0 il nome di resistivit\u00e0 . L\u2019unit\u00e0 di misura della resistenza \u00e8 l\u2019ohm : si dice che un conduttore presenta una resistenza di 1ohm se, sottoposto alla tensione di 1volt, \u00e8 percorso dalla corrente di 1ampere. L\u2019energia elettrica fornita, per il tempo t, dal generatore che fa circolare la corrente I si trasforma in calore nel conduttore (effetto Joule) secondo la relazione R I It (legge di Joule).<\/p>\n<p>Le resistenze che si usano comunemente sono costituite da un cilindro di materiale isolante ricoperto da un altro materiale avente una determinata resistivit\u00e0 e di spessore sottile, calibrato per garantire alla resistenza un valore pi\u00f9 preciso possibile. Alle due estremit\u00e0 ha un contatto metallico a boccola inserito a pressione al quale vanno uniti i terminali; tutto l&#8217;insieme risultante \u00e8 di nuovo ricoperto da materiale isolante.Dopo la verifica del valore della resistenza, su di essa vengono marcate le bande colorate corrispondenti al valore rilevato.<br \/>\nLe resistenze di maggior potenza, solitamente sono avvolte, e come materiale resistivo hanno un filo resistivo arrotolato a spirale sul cilindro isolante e ricoperto a sua volta da altro materiale isolante. Nelle resistenze pi\u00f9 voluminose, il valore della resistenza pu\u00f2 addirittura essere scritto normalmente direttamente sulla resistenza in cifre.<\/p>\n<p><a href=\"https:\/\/i0.wp.com\/www.professionistidelsuono.net\/blog_audio\/wp-content\/uploads\/2016\/01\/resistenzasimboli.jpg?ssl=1\" rel=\"attachment wp-att-252\"><img data-recalc-dims=\"1\" loading=\"lazy\" decoding=\"async\" class=\"aligncenter size-full wp-image-252\" src=\"https:\/\/i0.wp.com\/www.professionistidelsuono.net\/blog_audio\/wp-content\/uploads\/2016\/01\/resistenzasimboli.jpg?resize=138%2C100&#038;ssl=1\" alt=\"resistenzasimboli\" width=\"138\" height=\"100\" \/><\/a><\/p>\n<p style=\"text-align: center;\">Simbolo<\/p>\n","protected":false},"excerpt":{"rendered":"<p>Grandezza fisica che indica l\u2019attitudine di un conduttore a trasformare energia elettrica in calore. Essa viene espressa con il rapporto R=V\/I in cui R \u00e8 la resistenza, V \u00e8 la tensionetra due punti di&#46;&#46;&#46;<\/p>\n","protected":false},"author":1,"featured_media":0,"parent":79,"menu_order":0,"comment_status":"closed","ping_status":"closed","template":"","meta":{"footnotes":""},"class_list":["post-156","page","type-page","status-publish","hentry"],"aioseo_notices":[],"jetpack-related-posts":[],"jetpack_sharing_enabled":true,"_links":{"self":[{"href":"https:\/\/www.professionistidelsuono.net\/blog_audio\/wp-json\/wp\/v2\/pages\/156","targetHints":{"allow":["GET"]}}],"collection":[{"href":"https:\/\/www.professionistidelsuono.net\/blog_audio\/wp-json\/wp\/v2\/pages"}],"about":[{"href":"https:\/\/www.professionistidelsuono.net\/blog_audio\/wp-json\/wp\/v2\/types\/page"}],"author":[{"embeddable":true,"href":"https:\/\/www.professionistidelsuono.net\/blog_audio\/wp-json\/wp\/v2\/users\/1"}],"replies":[{"embeddable":true,"href":"https:\/\/www.professionistidelsuono.net\/blog_audio\/wp-json\/wp\/v2\/comments?post=156"}],"version-history":[{"count":3,"href":"https:\/\/www.professionistidelsuono.net\/blog_audio\/wp-json\/wp\/v2\/pages\/156\/revisions"}],"predecessor-version":[{"id":253,"href":"https:\/\/www.professionistidelsuono.net\/blog_audio\/wp-json\/wp\/v2\/pages\/156\/revisions\/253"}],"up":[{"embeddable":true,"href":"https:\/\/www.professionistidelsuono.net\/blog_audio\/wp-json\/wp\/v2\/pages\/79"}],"wp:attachment":[{"href":"https:\/\/www.professionistidelsuono.net\/blog_audio\/wp-json\/wp\/v2\/media?parent=156"}],"curies":[{"name":"wp","href":"https:\/\/api.w.org\/{rel}","templated":true}]}}