{"id":158,"date":"2016-01-29T13:07:58","date_gmt":"2016-01-29T13:07:58","guid":{"rendered":"http:\/\/www.professionistidelsuono.net\/blog_audio\/?page_id=158"},"modified":"2016-01-30T16:19:50","modified_gmt":"2016-01-30T16:19:50","slug":"condensatore","status":"publish","type":"page","link":"https:\/\/www.professionistidelsuono.net\/blog_audio\/elettronica\/condensatore\/","title":{"rendered":"Condensatore"},"content":{"rendered":"<p>Componente elettronico tra i pi\u00f9 utilizzati. Due elementi metallici separati dal vuoto o da un isolante costituiscono un condensatore. I due elementi metallici si chiamano armature e su di esse, sono in genere, presenti due cariche elettriche uguali ed opposte. Si chiama carica del condensatore quella presente sull&#8217;armatura positiva. Tra le due armature, esiste anche una differenza di potenziale che si chiama, semplicemente: &#8220;differenza di potenziale sul condensatore&#8221;. In un condensatore le cariche sono direttamente proporzionali, per cui il loro rapporto \u00e8 costante e il rapporto tra la carica Q e la tensione V si chiama: &#8220;capacit\u00e0 del condensatore&#8221; la cui unit\u00e0 di misura si chiama Farad. La capacit\u00e0 di un condensatore pu\u00f2 dipendere: dalla grandezza delle armature e dalla forma, dalla loro distanza e dalla presenza o meno di un isolante tra le armature.<\/p>\n<p>I condensatori, possono essere fissi (pi\u00f9 utilizzati) e varabili. (meno usati) I condensatori fissi, a loro volta, si dividono in polarizzati e non polarizzati: i primi portano impresso il valore della loro capacit\u00e0, la massima tensione di lavoro e la polarit\u00e0.<\/p>\n<p>Tensione e polarit\u00e0 sono fattori molto importanti: la tensione \u00e8 in relazione alle dimensioni e al costo dell&#8217;elemento, mentre la polarit\u00e0 viene sempre stampata sul corpo dell&#8217; elemento, sia al terminale positivo che a quello negativo. Anche sui condensatori non polarizzati vengono stampati il valore della capacit\u00e0 e della tensione d&#8217;utilizzo.<\/p>\n<p>Un condensatore pu\u00f2 essere visto anche come un &#8220;serbatoio&#8221; di energia elettrica. Sotto alimentazione, immagazzina, in base alla propria capacit\u00e0, energia elettrica.<\/p>\n<p>&nbsp;<\/p>\n<p><a href=\"https:\/\/i0.wp.com\/www.professionistidelsuono.net\/blog_audio\/wp-content\/uploads\/2016\/01\/simbolo_condensatore.png?ssl=1\" rel=\"attachment wp-att-246\"><img data-recalc-dims=\"1\" loading=\"lazy\" decoding=\"async\" class=\"aligncenter size-medium wp-image-246\" src=\"https:\/\/i0.wp.com\/www.professionistidelsuono.net\/blog_audio\/wp-content\/uploads\/2016\/01\/simbolo_condensatore.png?resize=300%2C66&#038;ssl=1\" alt=\"simbolo_condensatore\" width=\"300\" height=\"66\" srcset=\"https:\/\/i0.wp.com\/www.professionistidelsuono.net\/blog_audio\/wp-content\/uploads\/2016\/01\/simbolo_condensatore.png?resize=300%2C66&amp;ssl=1 300w, https:\/\/i0.wp.com\/www.professionistidelsuono.net\/blog_audio\/wp-content\/uploads\/2016\/01\/simbolo_condensatore.png?w=320&amp;ssl=1 320w\" sizes=\"auto, (max-width: 300px) 100vw, 300px\" \/><\/a><\/p>\n<p style=\"text-align: center;\">Simboli<\/p>\n","protected":false},"excerpt":{"rendered":"<p>Componente elettronico tra i pi\u00f9 utilizzati. Due elementi metallici separati dal vuoto o da un isolante costituiscono un condensatore. I due elementi metallici si chiamano armature e su di esse, sono in genere, presenti&#46;&#46;&#46;<\/p>\n","protected":false},"author":1,"featured_media":0,"parent":79,"menu_order":0,"comment_status":"closed","ping_status":"closed","template":"","meta":{"footnotes":""},"class_list":["post-158","page","type-page","status-publish","hentry"],"aioseo_notices":[],"jetpack-related-posts":[],"jetpack_sharing_enabled":true,"_links":{"self":[{"href":"https:\/\/www.professionistidelsuono.net\/blog_audio\/wp-json\/wp\/v2\/pages\/158","targetHints":{"allow":["GET"]}}],"collection":[{"href":"https:\/\/www.professionistidelsuono.net\/blog_audio\/wp-json\/wp\/v2\/pages"}],"about":[{"href":"https:\/\/www.professionistidelsuono.net\/blog_audio\/wp-json\/wp\/v2\/types\/page"}],"author":[{"embeddable":true,"href":"https:\/\/www.professionistidelsuono.net\/blog_audio\/wp-json\/wp\/v2\/users\/1"}],"replies":[{"embeddable":true,"href":"https:\/\/www.professionistidelsuono.net\/blog_audio\/wp-json\/wp\/v2\/comments?post=158"}],"version-history":[{"count":6,"href":"https:\/\/www.professionistidelsuono.net\/blog_audio\/wp-json\/wp\/v2\/pages\/158\/revisions"}],"predecessor-version":[{"id":247,"href":"https:\/\/www.professionistidelsuono.net\/blog_audio\/wp-json\/wp\/v2\/pages\/158\/revisions\/247"}],"up":[{"embeddable":true,"href":"https:\/\/www.professionistidelsuono.net\/blog_audio\/wp-json\/wp\/v2\/pages\/79"}],"wp:attachment":[{"href":"https:\/\/www.professionistidelsuono.net\/blog_audio\/wp-json\/wp\/v2\/media?parent=158"}],"curies":[{"name":"wp","href":"https:\/\/api.w.org\/{rel}","templated":true}]}}