{"id":160,"date":"2016-01-29T13:09:12","date_gmt":"2016-01-29T13:09:12","guid":{"rendered":"http:\/\/www.professionistidelsuono.net\/blog_audio\/?page_id=160"},"modified":"2016-01-30T16:21:28","modified_gmt":"2016-01-30T16:21:28","slug":"diodo","status":"publish","type":"page","link":"https:\/\/www.professionistidelsuono.net\/blog_audio\/elettronica\/diodo\/","title":{"rendered":"Diodo"},"content":{"rendered":"<p>Il Diodo \u00e8 un componente elettronico a due terminali (anodo e catodo) che permette il passaggio di corrente in una sola direzione. Poich\u00e9 il d. lascia passare solo la parte di corrente che circola in un senso e non nell\u2019altro, viene usato per \u201craddrizzare\u201d la corrente alternata degli impianti elettrici (che scorre periodicamente in un senso e nell\u2019altro del circuito) trasformandola in corrente continua (che scorre invece in un senso solo), necessaria per l\u2019uso di numerosi dispositivi, per es. il televisore. I primi tipi di d. sono stati i d. a vuoto e i d. a gas, il tipo pi\u00f9 semplice di tubo elettronico. Oggi sono estremamente diffusi i d. a giunzione, costituiti da materiali semiconduttori (v.).<\/p>\n<p>\u2022 Diodi a vuoto e a gas. All\u2019interno di una ampolla di vetro in cui \u00e8 fatto il vuoto un filamento, riscaldato dal passaggio di una corrente, emette elettroni per effetto termoelettronico o termoionico . All\u2019interno dell\u2019ampolla c\u2019\u00e8 anche una placca metallica: se questa \u00e8 portata a potenziale positivo rispetto al filamento (che quindi \u00e8 negativo), gli elettroni emessi dal filamento possono essere raccolti dalla placca e circola corrente. Se si invertono le polarit\u00e0, gli elettroni emessi sono respinti dalla placca e la corrente non circola. I d. a gas differiscono dai precedenti solo per la presenza nell\u2019ampolla di vetro dove sono immersi gli elettroni di un gas rarefatto al posto del vuoto spinto.<br \/>\n\u2022 Diodi a giunzione a semiconduttori. Sono costituiti in genere da una piastrina di silicio o di germanio in forma cristallina. Durante la lavorazione vengono introdotte impurit\u00e0 nel cristallo di una parte della piastrina (secondo un procedimento chiamato drogaggio) in modo che alcuni elettroni possano muoversi con facilit\u00e0: questa parte viene chiamata regione n. L\u2019altra parte \u00e8 drogata con sostanze diverse, che creano nel cristallo delle lacune positive, cio\u00e8 spazi che possono essere occupati da un elettrone: viene chiamata regione p. La zona di separazione fra le due parti \u00e8 detta giunzione p-n. Quando la regione p \u00e8 posta a polarit\u00e0 positiva e quella n a polarit\u00e0 negativa gli elettroni possono passare dalla parte n a quella p, quindi circola corrente. Se le polarit\u00e0 sono invertite la corrente non circola. Vengono costruiti molti tipi di d. a semiconduttori, con drogaggi differenti e differenti caratteristiche di funzionamento.<\/p>\n<p>&nbsp;<\/p>\n<p><a href=\"https:\/\/i0.wp.com\/www.professionistidelsuono.net\/blog_audio\/wp-content\/uploads\/2016\/01\/Simbolo.Diodo_.png?ssl=1\" rel=\"attachment wp-att-248\"><img data-recalc-dims=\"1\" loading=\"lazy\" decoding=\"async\" class=\"aligncenter size-full wp-image-248\" src=\"https:\/\/i0.wp.com\/www.professionistidelsuono.net\/blog_audio\/wp-content\/uploads\/2016\/01\/Simbolo.Diodo_.png?resize=211%2C100&#038;ssl=1\" alt=\"Simbolo.Diodo\" width=\"211\" height=\"100\" srcset=\"https:\/\/i0.wp.com\/www.professionistidelsuono.net\/blog_audio\/wp-content\/uploads\/2016\/01\/Simbolo.Diodo_.png?w=211&amp;ssl=1 211w, https:\/\/i0.wp.com\/www.professionistidelsuono.net\/blog_audio\/wp-content\/uploads\/2016\/01\/Simbolo.Diodo_.png?resize=520%2C245&amp;ssl=1 520w, https:\/\/i0.wp.com\/www.professionistidelsuono.net\/blog_audio\/wp-content\/uploads\/2016\/01\/Simbolo.Diodo_.png?resize=720%2C340&amp;ssl=1 720w\" sizes=\"auto, (max-width: 211px) 100vw, 211px\" \/><\/a><\/p>\n<p style=\"text-align: center;\">Simbolo<\/p>\n","protected":false},"excerpt":{"rendered":"<p>Il Diodo \u00e8 un componente elettronico a due terminali (anodo e catodo) che permette il passaggio di corrente in una sola direzione. Poich\u00e9 il d. lascia passare solo la parte di corrente che circola&#46;&#46;&#46;<\/p>\n","protected":false},"author":1,"featured_media":0,"parent":79,"menu_order":0,"comment_status":"closed","ping_status":"closed","template":"","meta":{"footnotes":""},"class_list":["post-160","page","type-page","status-publish","hentry"],"aioseo_notices":[],"jetpack-related-posts":[],"jetpack_sharing_enabled":true,"_links":{"self":[{"href":"https:\/\/www.professionistidelsuono.net\/blog_audio\/wp-json\/wp\/v2\/pages\/160","targetHints":{"allow":["GET"]}}],"collection":[{"href":"https:\/\/www.professionistidelsuono.net\/blog_audio\/wp-json\/wp\/v2\/pages"}],"about":[{"href":"https:\/\/www.professionistidelsuono.net\/blog_audio\/wp-json\/wp\/v2\/types\/page"}],"author":[{"embeddable":true,"href":"https:\/\/www.professionistidelsuono.net\/blog_audio\/wp-json\/wp\/v2\/users\/1"}],"replies":[{"embeddable":true,"href":"https:\/\/www.professionistidelsuono.net\/blog_audio\/wp-json\/wp\/v2\/comments?post=160"}],"version-history":[{"count":4,"href":"https:\/\/www.professionistidelsuono.net\/blog_audio\/wp-json\/wp\/v2\/pages\/160\/revisions"}],"predecessor-version":[{"id":249,"href":"https:\/\/www.professionistidelsuono.net\/blog_audio\/wp-json\/wp\/v2\/pages\/160\/revisions\/249"}],"up":[{"embeddable":true,"href":"https:\/\/www.professionistidelsuono.net\/blog_audio\/wp-json\/wp\/v2\/pages\/79"}],"wp:attachment":[{"href":"https:\/\/www.professionistidelsuono.net\/blog_audio\/wp-json\/wp\/v2\/media?parent=160"}],"curies":[{"name":"wp","href":"https:\/\/api.w.org\/{rel}","templated":true}]}}