{"id":162,"date":"2016-01-29T13:09:37","date_gmt":"2016-01-29T13:09:37","guid":{"rendered":"http:\/\/www.professionistidelsuono.net\/blog_audio\/?page_id=162"},"modified":"2016-01-30T16:22:44","modified_gmt":"2016-01-30T16:22:44","slug":"led","status":"publish","type":"page","link":"https:\/\/www.professionistidelsuono.net\/blog_audio\/elettronica\/led\/","title":{"rendered":"Led"},"content":{"rendered":"<p>I fotodiodi sono costituiti da una giunzione &#8220;pn piatta&#8221; che \u00e8 in grado di rilevare luce e radiazioni infrarosse. Sono molto diffusi i diodi emettitori di luce pi\u00f9 noti come LED (Light Emitting Diode), costituiti da giunzioni pn ad arseniuro o fosforo di gallio che, sotto polarizzazione diretta, emettono luce, rispettivamente rossa o verde. La luce \u00e8 emessa quando il diodo viene eccitato da un passaggio di corrente emettendo un certo numero di fotoni che \u00e8 proporzionale all&#8217;intensit\u00e0 applicata. Per quanto riguarda la tensione, in un circuito il comportamento dei Led \u00e8 simile a quello di un normale diodo. Per quanto riguarda la caduta di tensione in polarizzazione diretta, \u00e8 compresa tra 1,2 e i 2 volt e dipende dal colore del diodo, la pi\u00f9 bassa \u00e8 per il rosso. La tensione sopportata dai Led in senso inverso, invece \u00e8 piccola, tra i 5V e i 25V, a causa della maggior concentrazione di impurit\u00e0 ed \u00e8 necessarioa a una efficace produzione di radiazioni luminose.Solitamente si presentano sotto forma di un solo diodo a due terminali, e ai giorni nostri sono usati per rimpiazzare la maggior parte delle lampade segnaletiche grazie al minor costo e alla maggiore durata: non hanno infatti alcun filamento che si possa fondere e inoltre resistono benissimo alle vibrazioni.<\/p>\n<p><strong>LED a infrarossi<\/strong><br \/>\nI diodi emettitori di luce infrarossa meritano una menzione<br \/>\nspeciale; sono praticamente uguali ai diodi LED, sia dal punto di vista dell&#8217;aspetto che da quello del funzionamento: la differenza consiste nel fatto che la luce emessa \u00e8 nella zona degli infrarossi e quindi non \u00e8 una luce visibile. Questi diodi sono quelli comunemente utilizzati nei telecomandi degli apparecchi audio e TV<br \/>\n<strong>Anodo e catodo<\/strong><br \/>\nA prima vista, abbiamo due modi per riconoscere ciascuno dei terminali di un diodo LED: il primo \u00e8 cercare il terminale pi\u00f9 lungo: il terminale corrispondente all&#8217;anodo, infatti, \u00e8 pi\u00f9 lungo di quello corrispondente al catodo. Con il secondo possiamo identificare il catodo, ricercando la parte piatta a cui quest&#8217;ultimo \u00e8 vicino.<\/p>\n<p>&nbsp;<\/p>\n<p><a href=\"https:\/\/i0.wp.com\/www.professionistidelsuono.net\/blog_audio\/wp-content\/uploads\/2016\/01\/led.jpg?ssl=1\" rel=\"attachment wp-att-250\"><img data-recalc-dims=\"1\" loading=\"lazy\" decoding=\"async\" class=\"aligncenter size-full wp-image-250\" src=\"https:\/\/i0.wp.com\/www.professionistidelsuono.net\/blog_audio\/wp-content\/uploads\/2016\/01\/led.jpg?resize=160%2C99&#038;ssl=1\" alt=\"led\" width=\"160\" height=\"99\" \/><\/a><\/p>\n<p style=\"text-align: center;\">Simbolo<\/p>\n","protected":false},"excerpt":{"rendered":"<p>I fotodiodi sono costituiti da una giunzione &#8220;pn piatta&#8221; che \u00e8 in grado di rilevare luce e radiazioni infrarosse. Sono molto diffusi i diodi emettitori di luce pi\u00f9 noti come LED (Light Emitting Diode),&#46;&#46;&#46;<\/p>\n","protected":false},"author":1,"featured_media":0,"parent":79,"menu_order":0,"comment_status":"closed","ping_status":"closed","template":"","meta":{"footnotes":""},"class_list":["post-162","page","type-page","status-publish","hentry"],"aioseo_notices":[],"jetpack-related-posts":[],"jetpack_sharing_enabled":true,"_links":{"self":[{"href":"https:\/\/www.professionistidelsuono.net\/blog_audio\/wp-json\/wp\/v2\/pages\/162","targetHints":{"allow":["GET"]}}],"collection":[{"href":"https:\/\/www.professionistidelsuono.net\/blog_audio\/wp-json\/wp\/v2\/pages"}],"about":[{"href":"https:\/\/www.professionistidelsuono.net\/blog_audio\/wp-json\/wp\/v2\/types\/page"}],"author":[{"embeddable":true,"href":"https:\/\/www.professionistidelsuono.net\/blog_audio\/wp-json\/wp\/v2\/users\/1"}],"replies":[{"embeddable":true,"href":"https:\/\/www.professionistidelsuono.net\/blog_audio\/wp-json\/wp\/v2\/comments?post=162"}],"version-history":[{"count":4,"href":"https:\/\/www.professionistidelsuono.net\/blog_audio\/wp-json\/wp\/v2\/pages\/162\/revisions"}],"predecessor-version":[{"id":251,"href":"https:\/\/www.professionistidelsuono.net\/blog_audio\/wp-json\/wp\/v2\/pages\/162\/revisions\/251"}],"up":[{"embeddable":true,"href":"https:\/\/www.professionistidelsuono.net\/blog_audio\/wp-json\/wp\/v2\/pages\/79"}],"wp:attachment":[{"href":"https:\/\/www.professionistidelsuono.net\/blog_audio\/wp-json\/wp\/v2\/media?parent=162"}],"curies":[{"name":"wp","href":"https:\/\/api.w.org\/{rel}","templated":true}]}}