{"id":164,"date":"2016-01-29T13:09:59","date_gmt":"2016-01-29T13:09:59","guid":{"rendered":"http:\/\/www.professionistidelsuono.net\/blog_audio\/?page_id=164"},"modified":"2016-02-01T14:26:16","modified_gmt":"2016-02-01T14:26:16","slug":"transistor","status":"publish","type":"page","link":"https:\/\/www.professionistidelsuono.net\/blog_audio\/elettronica\/transistor\/","title":{"rendered":"Transistor"},"content":{"rendered":"<p><strong>Transistore<\/strong><\/p>\n<p>Dispositivo elettronico a semiconduttore (in genere silicio o germanio), munito di tre elettrodi, e in cui la resistenza elettrica pu\u00f2 essere fatta variare entro certi limiti (il termine transistor deriva dall\u2019inglese transformer resistor, ossia trasformatore di resistenza). Il t. ha soppiantato nella maggior parte delle applicazioni la valvola termoionica (o triodo), di cui essenzialmente svolge le fuzioni: per es., \u00e8 in grado di amplificare segnali elettrici. Il tipo pi\u00f9 tradizionale di t. \u00e8 il t. bipolare, in quanto alla conduzione partecipano sia gli elettroni sia le lacune, o cariche positive (v. semiconduttori). E&#8217; costituito da un cristallo di silicio (o di germanio) che presenta zone di drogaggio p o n (in cui prevalgono rispettivamente le cariche positive o quelle negative), distribuite alternativamente in tre strati p-n-p o n-p-n (le superfici che separano le zone n da quelle p sono dette giunzioni p\u00adn). La regione mediana, pi\u00f9 sottile, \u00e8 detta base e le regioni da essa separate prendono il nome di emettitore e di collettore: le tre regioni costituiscono i tre elettrodi. Il transistor \u00e8 parte di qualsiasi dispositivo elettronico attuale, sia in modo individuale che facendo parte di circuiti integrati. Esiste una gran variet\u00e0 di transistor: di bassa, media e grande potenza, per utilizzazione in bassa frequenza, microonde, radio-frequenza eccetera, Questo tipo di transistor \u00e8 chiamato bipolare, bench\u00e9 ci siano altri dispositivi simili che hanno altri nomi.<\/p>\n<p><strong>Costruzione di un transistor<\/strong><\/p>\n<p>Per costruire transistor, o circuiti integrati, dobbiamo disporre di silicio di straordinaria purezza. Il silicio depurato ha forma cilindrica di circa 5 cm di diametro; prima di iniziare la diffusione sulle impurit\u00e0 di tipo P o tipo N si taglia in piccole rondelle. Su ogni rondella, prima di tagliarla, si formano diversi transistor o circuiti integrati, applicando successivi strati di impurit\u00e0, ossidazioni o metalliz-zazioni. Una volta finalizzato il procedimento si inizia a tagliare a pezzi, per separare ogni transistor o circuito integrato. A ognuno di questi frammenti si d\u00e0 il nome di &#8220;chip&#8221;, perch\u00e9 \u00e8 un pezzo piccolo di materiale, che poi dobbiamo attaccare a un supporto e collegare ai terminali, tre nel caso di transistor, molti di pi\u00f9 se si tratta di un circuito integrato. Gi\u00e0 ci appare chiaro che la parola chip si applica al pezzo di silicio che forma il &#8220;cuore&#8221; di un semplice transistor, o quello di un sofisticato circuito integrato, che pu\u00f2 raggiungere una dimensione abbastanza grande.<\/p>\n<p><img data-recalc-dims=\"1\" loading=\"lazy\" decoding=\"async\" class=\"aligncenter\" src=\"https:\/\/i0.wp.com\/www.professionistidelsuono.net\/immagini\/transistor.JPG?resize=78%2C52\" alt=\"transistor npn\" width=\"78\" height=\"52\" \/><img data-recalc-dims=\"1\" loading=\"lazy\" decoding=\"async\" class=\"aligncenter\" src=\"https:\/\/i0.wp.com\/www.professionistidelsuono.net\/immagini\/transistor2.JPG?resize=83%2C54\" alt=\"transistor pnp\" width=\"83\" height=\"54\" \/><\/p>\n","protected":false},"excerpt":{"rendered":"<p>Transistore Dispositivo elettronico a semiconduttore (in genere silicio o germanio), munito di tre elettrodi, e in cui la resistenza elettrica pu\u00f2 essere fatta variare entro certi limiti (il termine transistor deriva dall\u2019inglese transformer resistor,&#46;&#46;&#46;<\/p>\n","protected":false},"author":1,"featured_media":0,"parent":79,"menu_order":0,"comment_status":"closed","ping_status":"closed","template":"","meta":{"footnotes":""},"class_list":["post-164","page","type-page","status-publish","hentry"],"aioseo_notices":[],"jetpack-related-posts":[],"jetpack_sharing_enabled":true,"_links":{"self":[{"href":"https:\/\/www.professionistidelsuono.net\/blog_audio\/wp-json\/wp\/v2\/pages\/164","targetHints":{"allow":["GET"]}}],"collection":[{"href":"https:\/\/www.professionistidelsuono.net\/blog_audio\/wp-json\/wp\/v2\/pages"}],"about":[{"href":"https:\/\/www.professionistidelsuono.net\/blog_audio\/wp-json\/wp\/v2\/types\/page"}],"author":[{"embeddable":true,"href":"https:\/\/www.professionistidelsuono.net\/blog_audio\/wp-json\/wp\/v2\/users\/1"}],"replies":[{"embeddable":true,"href":"https:\/\/www.professionistidelsuono.net\/blog_audio\/wp-json\/wp\/v2\/comments?post=164"}],"version-history":[{"count":3,"href":"https:\/\/www.professionistidelsuono.net\/blog_audio\/wp-json\/wp\/v2\/pages\/164\/revisions"}],"predecessor-version":[{"id":257,"href":"https:\/\/www.professionistidelsuono.net\/blog_audio\/wp-json\/wp\/v2\/pages\/164\/revisions\/257"}],"up":[{"embeddable":true,"href":"https:\/\/www.professionistidelsuono.net\/blog_audio\/wp-json\/wp\/v2\/pages\/79"}],"wp:attachment":[{"href":"https:\/\/www.professionistidelsuono.net\/blog_audio\/wp-json\/wp\/v2\/media?parent=164"}],"curies":[{"name":"wp","href":"https:\/\/api.w.org\/{rel}","templated":true}]}}