{"id":94,"date":"2016-01-29T10:01:41","date_gmt":"2016-01-29T10:01:41","guid":{"rendered":"http:\/\/www.professionistidelsuono.net\/blog_audio\/?page_id=94"},"modified":"2016-02-02T14:47:36","modified_gmt":"2016-02-02T14:47:36","slug":"misurazione-del-suono","status":"publish","type":"page","link":"https:\/\/www.professionistidelsuono.net\/blog_audio\/acustica\/misurazione-del-suono\/","title":{"rendered":"Misurazione del suono"},"content":{"rendered":"<div align=\"left\">\n<p align=\"left\">L\u2019unit\u00e0 utilizzata per confrontare l\u2019intensit\u00e0 di due suoni \u00e8 il &#8220;bel&#8221;, anche se normalmente si usa un suo sottomultiplo: il &#8220;decibel&#8221; (db). L\u2019orecchio umano pu\u00f2 captare da quasi 0 db fino a circa 100 db. A partire dai 120 db, l\u2019orecchio inizia ad avvertire una sensazione dolorosa. Per familiarizzare con questa unit\u00e0 del suono possiamo dire che un sussurro fatto in un orecchio misura circa 20 db, il traffico intenso misura intorno ai 70 db, mentre un aereo che passa a 100 metri d\u2019altezza ne misura circa 120.Il bel non \u00e8 una unit\u00e0 assoluta, ma si riferisce al campione; abbiamo, infatti, misurato l\u2019intensit\u00e0 del suono confrontandola con un altro suono-campione che corrisponde all\u2019intensit\u00e0 soglia del suono ad una frequenza di 1.000 Hz.<\/p>\n<blockquote><p>Approfondimento<\/p>\n<p>La causa per cui viene vengono usate unit\u00e0 logaritmiche o i sottomultipli del bel \u00e8 da attibuire al particolare meccanismo di risposta dell&#8217;orecchio umano. La relazione che lega l&#8217;intensit\u00e0 I di un suono al livello convenzionale \u00df espresso in decibel \u00e8:<br \/>\n<img data-recalc-dims=\"1\" loading=\"lazy\" decoding=\"async\" src=\"https:\/\/i0.wp.com\/www.professionistidelsuono.net\/immagini\/suono_formula.gif?resize=99%2C32\" alt=\"imm\" width=\"99\" height=\"32\" \/> essendo <em>Io<\/em> = 10^-12 watt\/m^2 un&#8217;intensit\u00e0 di riferimento fissata su di un valore circa eguale all&#8217;intensit\u00e0 pi\u00f9 debole che possa essere normalmente percepito<\/p><\/blockquote>\n<\/div>\n<p align=\"left\"><strong>Il Campo sonoro<br \/>\n<\/strong>Il campo sonoro \u00e8 la piena immagine sonora riprodotta, ad esempio in una sala da concerti o in un luogo per esecuzioni dal vivo. E\u2019 composto dal &#8220;suono diretto&#8221; riprodotto direttamente dalla sorgente, dai &#8220;primi suoni riflessi&#8221;, che raggiungono l\u2019orecchio dopo essere rimbalzati contro le pareti e il soffitto, e le &#8220;riverberazioni che si disperdono dopo una complicata serie di riflessi.I segnali musicali vengono elaborati in una serie di calcoli ad alta velocit\u00e0, in base ai dati misurate nelle sale da concerti pi\u00f9 famose del mondo. I primi suoni riflessi e le riverberazioni vengono aggiunti al suono originale per creare il senso di partecipazione all\u2019esecuzione dal vivo \u2014 proprio all\u2019interno della vostra automobile.<\/p>\n<p>&nbsp;<\/p>\n<blockquote><p>Curiosit\u00e0<\/p>\n<p>Il motivo per cui l\u2019orecchio risponde bene ad un intervallo d\u2019intensit\u00e0 estremamente ampio \u00e8 da recarsi, almeno in parte, nel fatto che i muscoli intorno alla membrana timpanica e agli ossicini reagiscono al suono arrivo adeguando la loro tensione all\u2019intensit\u00e0 del suono stesso.<\/p><\/blockquote>\n","protected":false},"excerpt":{"rendered":"<p>L\u2019unit\u00e0 utilizzata per confrontare l\u2019intensit\u00e0 di due suoni \u00e8 il &#8220;bel&#8221;, anche se normalmente si usa un suo sottomultiplo: il &#8220;decibel&#8221; (db). L\u2019orecchio umano pu\u00f2 captare da quasi 0 db fino a circa 100&#46;&#46;&#46;<\/p>\n","protected":false},"author":1,"featured_media":0,"parent":17,"menu_order":0,"comment_status":"closed","ping_status":"closed","template":"","meta":{"footnotes":""},"class_list":["post-94","page","type-page","status-publish","hentry"],"aioseo_notices":[],"jetpack-related-posts":[],"jetpack_sharing_enabled":true,"_links":{"self":[{"href":"https:\/\/www.professionistidelsuono.net\/blog_audio\/wp-json\/wp\/v2\/pages\/94","targetHints":{"allow":["GET"]}}],"collection":[{"href":"https:\/\/www.professionistidelsuono.net\/blog_audio\/wp-json\/wp\/v2\/pages"}],"about":[{"href":"https:\/\/www.professionistidelsuono.net\/blog_audio\/wp-json\/wp\/v2\/types\/page"}],"author":[{"embeddable":true,"href":"https:\/\/www.professionistidelsuono.net\/blog_audio\/wp-json\/wp\/v2\/users\/1"}],"replies":[{"embeddable":true,"href":"https:\/\/www.professionistidelsuono.net\/blog_audio\/wp-json\/wp\/v2\/comments?post=94"}],"version-history":[{"count":3,"href":"https:\/\/www.professionistidelsuono.net\/blog_audio\/wp-json\/wp\/v2\/pages\/94\/revisions"}],"predecessor-version":[{"id":272,"href":"https:\/\/www.professionistidelsuono.net\/blog_audio\/wp-json\/wp\/v2\/pages\/94\/revisions\/272"}],"up":[{"embeddable":true,"href":"https:\/\/www.professionistidelsuono.net\/blog_audio\/wp-json\/wp\/v2\/pages\/17"}],"wp:attachment":[{"href":"https:\/\/www.professionistidelsuono.net\/blog_audio\/wp-json\/wp\/v2\/media?parent=94"}],"curies":[{"name":"wp","href":"https:\/\/api.w.org\/{rel}","templated":true}]}}